{"id":226,"date":"2020-05-24T08:53:46","date_gmt":"2020-05-24T08:53:46","guid":{"rendered":"https:\/\/lloretdemarinfo.com\/?page_id=226"},"modified":"2020-05-24T09:34:14","modified_gmt":"2020-05-24T09:34:14","slug":"kortingscodes-en-aanbiedingen-accommodaties-lloret-de-mar","status":"publish","type":"page","link":"https:\/\/www.clubvillamar.it\/content\/lloret-de-mar\/it\/offerte-e-codici-sconto-lloret-de-mar-costa-brava\/codici-sconto-e-offerte-alloggi-lloret-de-mar\/","title":{"rendered":"Codici sconto e offerte Alloggi Lloret de Mar"},"content":{"rendered":"<p>C&#039;\u00e8 cos\u00ec tanto divertimento da fare a Lloret de Mar! Sai cosa lo rende ancora pi\u00f9 divertente? Sconti e offerte sul soggiorno. In questo modo dormi ancora meglio! Sia che affittiate una villa di lusso, sia che soggiorniate in una casa per le vacanze, in una villa per le vacanze, in un appartamento, in un hotel o in un campeggio ... \u00e8 tutto ancora pi\u00f9 divertente con un bel sconto! <\/p>\n\n\n\n<p>In questa pagina troverai le offerte e i codici di sconto delle strutture ricettive a Lloret de Mar. Usalo a tuo vantaggio! Se vuoi un codice sconto per uno sconto sulle tue attivit\u00e0 a Lloret de Mar, clicca qui!<\/p>\n\n\n\n<h2 class=\"wp-block-heading\">Codice Sconto Club Villamar!<\/h2>\n\n\n\n<figure class=\"wp-block-image size-large\"><a href=\"https:\/\/www.clubvillamar.nl\" target=\"_blank\" rel=\"noopener noreferrer\"><img loading=\"lazy\" decoding=\"async\" width=\"1024\" height=\"678\" src=\"\/content\/lloret-de-mar\/wp-content\/uploads\/2020\/05\/romana3-1024x678.jpg\" alt=\"\" class=\"wp-image-228\" srcset=\"https:\/\/www.clubvillamar.it\/content\/lloret-de-mar\/wp-content\/uploads\/2020\/05\/romana3-1024x678.jpg 1024w, https:\/\/www.clubvillamar.it\/content\/lloret-de-mar\/wp-content\/uploads\/2020\/05\/romana3-300x199.jpg 300w, https:\/\/www.clubvillamar.it\/content\/lloret-de-mar\/wp-content\/uploads\/2020\/05\/romana3-768x509.jpg 768w, https:\/\/www.clubvillamar.it\/content\/lloret-de-mar\/wp-content\/uploads\/2020\/05\/romana3.jpg 1200w\" sizes=\"(max-width: 1024px) 100vw, 1024px\" \/><\/a><figcaption>Club Villamar: il leader indiscusso nel settore degli affitti di ville e vacanze in Costa Brava (Spagna). Ora con uno sconto!<\/figcaption><\/figure>\n\n\n\n<p>Se sei interessato ad affittare una villa o una casa vacanze di lusso a Lloret de Mar, hai gi\u00e0 scoperto che non puoi ignorare Club Villamar!<\/p>\n\n\n\n<p>Leader assoluto negli affitti per le vacanze a Lloret, Club Villamar ha letteralmente centinaia di ville e case vacanze in affitto a Lloret de Mar e nel resto della Costa Brava. Attualmente offrono case vacanza e residence in tutta la Spagna (oltre 3.500). Puoi trovarlo sul loro sito web <a aria-label=\"www.clubvillamar.nl (si apre in una nuova scheda)\" href=\"https:\/\/www.clubvillamar.nl\" target=\"_blank\" rel=\"noreferrer noopener\" class=\"rank-math-link\">www.clubvillamar.nl<\/a> letteralmente migliaia di ville con piscine private. <\/p>\n\n\n\n<p>Vuoi affittare una villa per le vacanze con i tuoi amici o la tua famiglia? Ti sembra un&#039;opzione perfetta per passare la notte a Lloret de Mar? Allora noi (in collaborazione con Club Villamar) abbiamo un codice sconto per te qui:<\/p>\n\n\n\n<p><strong>lloretdemarinfo.com 50<\/strong><\/p>\n\n\n\n<p>Inserisci questo codice al momento della prenotazione nel 2 \u00b0 passaggio e ti d\u00e0 subito uno sconto di cassa di 50 Euro. Perfetto vero? Un altro pranzo gratis sulla spiaggia di Lloret con i tuoi amici o la tua famiglia!<\/p>\n\n\n\n<p><strong>Puoi anche condividere facilmente questa pagina con i tuoi amici sui social media (vedi le opzioni in questa pagina)! <\/strong><\/p>\n\n\n\n<p><strong>Allora tutti possono godere di uno sconto al Club Villamar!<\/strong><\/p>\n\n\n\n<p>Notare che: <\/p>\n\n\n\n<ul><li>Questo codice sconto non \u00e8 cumulabile con altri sconti<\/li><li>Questo sconto si applica a tutti gli oggetti su www.clubvillamar.nl<\/li><li>Questo sconto ha una validit\u00e0 limitata, quindi usalo velocemente! Vai a <a href=\"https:\/\/www.clubvillamar.nl\" target=\"_blank\" aria-label=\"www.clubvillamar.nl (si apre in una nuova scheda)\" rel=\"noreferrer noopener\" class=\"rank-math-link\">www.clubvillamar.nl<\/a> e prenota ora e affitta una super villa con piscina privata a Lloret de Mar!<\/li><\/ul>","protected":false},"excerpt":{"rendered":"<p>C&#039;\u00e8 cos\u00ec tanto divertimento da fare a Lloret de Mar! Sai cosa lo rende ancora pi\u00f9 divertente? Sconti e offerte sul tuo soggiorno. Cos\u00ec dormi ancora meglio! Se tu<\/p>","protected":false},"author":2,"featured_media":228,"parent":223,"menu_order":0,"comment_status":"closed","ping_status":"closed","template":"","meta":{"om_disable_all_campaigns":false,"footnotes":""},"_links":{"self":[{"href":"https:\/\/www.clubvillamar.it\/content\/lloret-de-mar\/it\/wp-json\/wp\/v2\/pages\/226"}],"collection":[{"href":"https:\/\/www.clubvillamar.it\/content\/lloret-de-mar\/it\/wp-json\/wp\/v2\/pages"}],"about":[{"href":"https:\/\/www.clubvillamar.it\/content\/lloret-de-mar\/it\/wp-json\/wp\/v2\/types\/page"}],"author":[{"embeddable":true,"href":"https:\/\/www.clubvillamar.it\/content\/lloret-de-mar\/it\/wp-json\/wp\/v2\/users\/2"}],"replies":[{"embeddable":true,"href":"https:\/\/www.clubvillamar.it\/content\/lloret-de-mar\/it\/wp-json\/wp\/v2\/comments?post=226"}],"version-history":[{"count":7,"href":"https:\/\/www.clubvillamar.it\/content\/lloret-de-mar\/it\/wp-json\/wp\/v2\/pages\/226\/revisions"}],"predecessor-version":[{"id":242,"href":"https:\/\/www.clubvillamar.it\/content\/lloret-de-mar\/it\/wp-json\/wp\/v2\/pages\/226\/revisions\/242"}],"up":[{"embeddable":true,"href":"https:\/\/www.clubvillamar.it\/content\/lloret-de-mar\/it\/wp-json\/wp\/v2\/pages\/223"}],"wp:featuredmedia":[{"embeddable":true,"href":"https:\/\/www.clubvillamar.it\/content\/lloret-de-mar\/it\/wp-json\/wp\/v2\/media\/228"}],"wp:attachment":[{"href":"https:\/\/www.clubvillamar.it\/content\/lloret-de-mar\/it\/wp-json\/wp\/v2\/media?parent=226"}],"curies":[{"name":"wp","href":"https:\/\/api.w.org\/{rel}","templated":true}]}}