{"id":223,"date":"2020-05-24T08:55:24","date_gmt":"2020-05-24T08:55:24","guid":{"rendered":"https:\/\/lloretdemarinfo.com\/?page_id=223"},"modified":"2020-05-24T09:39:11","modified_gmt":"2020-05-24T09:39:11","slug":"aanbiedingen-en-kortingscodes-lloret-de-mar-costa-brava","status":"publish","type":"page","link":"https:\/\/www.clubvillamar.it\/content\/lloret-de-mar\/it\/offerte-e-codici-sconto-lloret-de-mar-costa-brava\/","title":{"rendered":"Offerte e codici sconto Lloret de Mar (Costa Brava) - Solo per te!"},"content":{"rendered":"<p>Benvenuti nella panoramica di <strong>offerte e codici sconto<\/strong> per soggiorni (alloggi) e attivit\u00e0 in particolare <strong>Lloret de Mar sulla Costa Brava<\/strong>. Ti offriamo anche riduzioni di prezzo per i viaggi a Girona e Barcellona, tra gli altri. <\/p>\n\n\n\n<p>A Lloret de Mar c&#039;\u00e8 davvero tanto da fare, tanto da vedere e tanto da vivere, ma ovviamente \u00e8 ancora pi\u00f9 divertente se paghi meno con un codice sconto! Che si tratti di affittare una villa di lusso, una divertente giornata al Waterpark Waterworld o un&#039;altra attivit\u00e0, un buon codice sconto non \u00e8 mai andato!<\/p>\n\n\n\n<p>Ecco perch\u00e9 ti aiutiamo con codici sconto e offerte per la tua vacanza a Lloret! Di seguito troverai una panoramica dei codici sconto. Divertiti (per meno soldi ;-)) a Lloret de Mar.<\/p>\n\n\n\n<p>Vuoi che anche gli altri possano godere di questi sconti? Parte <strong>questa pagina quindi facilmente sui social media<\/strong>, puoi vedere le possibilit\u00e0 in questa pagina.<\/p>\n\n\n\n<h2 class=\"wp-block-heading\"><a aria-label=\"Sconto per alloggi a Lloret de Mar (si apre in una nuova scheda)\" href=\"\/content\/lloret-de-mar\/it\/kortingscodes-en-aanbiedingen-accommodaties-lloret-de-mar\/\" target=\"_blank\" rel=\"noreferrer noopener\" class=\"rank-math-link\">Sconto sugli alloggi a Lloret de Mar<\/a> (clicca qui)<\/h2>\n\n\n\n<figure class=\"wp-block-image size-large\"><img loading=\"lazy\" decoding=\"async\" width=\"800\" height=\"536\" src=\"\/content\/lloret-de-mar\/wp-content\/uploads\/2020\/05\/l6.jpg\" alt=\"\" class=\"wp-image-224\" srcset=\"https:\/\/www.clubvillamar.it\/content\/lloret-de-mar\/wp-content\/uploads\/2020\/05\/l6.jpg 800w, https:\/\/www.clubvillamar.it\/content\/lloret-de-mar\/wp-content\/uploads\/2020\/05\/l6-300x201.jpg 300w, https:\/\/www.clubvillamar.it\/content\/lloret-de-mar\/wp-content\/uploads\/2020\/05\/l6-768x515.jpg 768w\" sizes=\"(max-width: 800px) 100vw, 800px\" \/><figcaption><a href=\"\/content\/lloret-de-mar\/it\/aanbiedingen-en-kortingscodes-lloret-de-mar-costa-brava\/kortingscodes-en-aanbiedingen-accommodaties-lloret-de-mar\/\" target=\"_blank\" aria-label=\"Codici Sconto per Alloggi a Lloret de Mar (si apre in una nuova scheda)\" rel=\"noreferrer noopener\" class=\"rank-math-link\">Codici sconto per alloggi a Lloret de Mar<\/a><\/figcaption><\/figure>\n\n\n\n<h2 class=\"wp-block-heading\">Sconto attivit\u00e0 Lloret de Mar<\/h2>\n\n\n\n<figure class=\"wp-block-image size-large\"><img loading=\"lazy\" decoding=\"async\" width=\"1000\" height=\"665\" src=\"\/content\/lloret-de-mar\/wp-content\/uploads\/2020\/05\/Wat-te-doen-in-Lloret-de-Mar-Aventura-Park.jpg\" alt=\"\" class=\"wp-image-161\" srcset=\"https:\/\/www.clubvillamar.it\/content\/lloret-de-mar\/wp-content\/uploads\/2020\/05\/Wat-te-doen-in-Lloret-de-Mar-Aventura-Park.jpg 1000w, https:\/\/www.clubvillamar.it\/content\/lloret-de-mar\/wp-content\/uploads\/2020\/05\/Wat-te-doen-in-Lloret-de-Mar-Aventura-Park-300x200.jpg 300w, https:\/\/www.clubvillamar.it\/content\/lloret-de-mar\/wp-content\/uploads\/2020\/05\/Wat-te-doen-in-Lloret-de-Mar-Aventura-Park-768x511.jpg 768w\" sizes=\"(max-width: 1000px) 100vw, 1000px\" \/><figcaption>Sconti e offerte sulle attivit\u00e0 a Lloret<\/figcaption><\/figure>","protected":false},"excerpt":{"rendered":"<p>Benvenuti nella panoramica delle offerte e dei codici sconto per soggiorni (alloggi) e attivit\u00e0 in particolare a Lloret de Mar sulla Costa Brava. Vi offriamo anche riduzioni di prezzo per<\/p>","protected":false},"author":2,"featured_media":224,"parent":0,"menu_order":0,"comment_status":"closed","ping_status":"closed","template":"","meta":{"om_disable_all_campaigns":false,"footnotes":""},"_links":{"self":[{"href":"https:\/\/www.clubvillamar.it\/content\/lloret-de-mar\/it\/wp-json\/wp\/v2\/pages\/223"}],"collection":[{"href":"https:\/\/www.clubvillamar.it\/content\/lloret-de-mar\/it\/wp-json\/wp\/v2\/pages"}],"about":[{"href":"https:\/\/www.clubvillamar.it\/content\/lloret-de-mar\/it\/wp-json\/wp\/v2\/types\/page"}],"author":[{"embeddable":true,"href":"https:\/\/www.clubvillamar.it\/content\/lloret-de-mar\/it\/wp-json\/wp\/v2\/users\/2"}],"replies":[{"embeddable":true,"href":"https:\/\/www.clubvillamar.it\/content\/lloret-de-mar\/it\/wp-json\/wp\/v2\/comments?post=223"}],"version-history":[{"count":7,"href":"https:\/\/www.clubvillamar.it\/content\/lloret-de-mar\/it\/wp-json\/wp\/v2\/pages\/223\/revisions"}],"predecessor-version":[{"id":243,"href":"https:\/\/www.clubvillamar.it\/content\/lloret-de-mar\/it\/wp-json\/wp\/v2\/pages\/223\/revisions\/243"}],"wp:featuredmedia":[{"embeddable":true,"href":"https:\/\/www.clubvillamar.it\/content\/lloret-de-mar\/it\/wp-json\/wp\/v2\/media\/224"}],"wp:attachment":[{"href":"https:\/\/www.clubvillamar.it\/content\/lloret-de-mar\/it\/wp-json\/wp\/v2\/media?parent=223"}],"curies":[{"name":"wp","href":"https:\/\/api.w.org\/{rel}","templated":true}]}}